{"id":92,"date":"2021-02-12T20:58:38","date_gmt":"2021-02-12T20:58:38","guid":{"rendered":"https:\/\/hausteam.net\/?page_id=92"},"modified":"2021-04-16T19:59:54","modified_gmt":"2021-04-16T19:59:54","slug":"kontakt","status":"publish","type":"page","link":"https:\/\/hausteam.net\/?page_id=92","title":{"rendered":"Kontakt"},"content":{"rendered":"\n<h3>Sprechen Sie uns an. Nichts ist unm\u00f6glich und \u00fcber ein Angebot k\u00f6nnen wir reden!<\/h3>\n\n\n\n<p class=\"has-normal-font-size\"><strong>Wir freuen uns auf Sie und Ihre Immobilie.<\/strong><\/p>\n\n\n\n<p style=\"font-size:14px\"><strong>Immobilienverwaltung HauSTeam<\/strong><br>Kim St\u00fchmer<br>Schulstra\u00dfe 43<br>24882 Schaalby<\/p>\n\n\n\n<p style=\"font-size:14px\">Telefon: (04622) 328 99 89<br><a href=\"mailto:info@hausteam.net\" target=\"_blank\" rel=\"noreferrer noopener\">info[at]hausteam.net<\/a><\/p>\n","protected":false},"excerpt":{"rendered":"<p>Sprechen Sie uns an. Nichts ist unm\u00f6glich und \u00fcber ein Angebot k\u00f6nnen wir reden! Wir freuen uns auf Sie und Ihre Immobilie. Immobilienverwaltung HauSTeamKim St\u00fchmerSchulstra\u00dfe 4324882 Schaalby Telefon: (04622) 328 99 89info[at]hausteam.net<\/p>\n","protected":false},"author":2,"featured_media":0,"parent":0,"menu_order":0,"comment_status":"closed","ping_status":"closed","template":"","meta":[],"_links":{"self":[{"href":"https:\/\/hausteam.net\/index.php?rest_route=\/wp\/v2\/pages\/92"}],"collection":[{"href":"https:\/\/hausteam.net\/index.php?rest_route=\/wp\/v2\/pages"}],"about":[{"href":"https:\/\/hausteam.net\/index.php?rest_route=\/wp\/v2\/types\/page"}],"author":[{"embeddable":true,"href":"https:\/\/hausteam.net\/index.php?rest_route=\/wp\/v2\/users\/2"}],"replies":[{"embeddable":true,"href":"https:\/\/hausteam.net\/index.php?rest_route=%2Fwp%2Fv2%2Fcomments&post=92"}],"version-history":[{"count":6,"href":"https:\/\/hausteam.net\/index.php?rest_route=\/wp\/v2\/pages\/92\/revisions"}],"predecessor-version":[{"id":357,"href":"https:\/\/hausteam.net\/index.php?rest_route=\/wp\/v2\/pages\/92\/revisions\/357"}],"wp:attachment":[{"href":"https:\/\/hausteam.net\/index.php?rest_route=%2Fwp%2Fv2%2Fmedia&parent=92"}],"curies":[{"name":"wp","href":"https:\/\/api.w.org\/{rel}","templated":true}]}}