{"id":90,"date":"2021-02-12T20:54:43","date_gmt":"2021-02-12T20:54:43","guid":{"rendered":"https:\/\/hausteam.net\/?page_id=90"},"modified":"2021-04-17T19:46:48","modified_gmt":"2021-04-17T19:46:48","slug":"datenschutz","status":"publish","type":"page","link":"https:\/\/hausteam.net\/?page_id=90","title":{"rendered":"Datenschutz"},"content":{"rendered":"\n<p style=\"font-size:14px\">Diese Webseite verwendet Cookies, auch zur Optimierung der Webseitennutzung und zur Auswertung von Webseiten besuchen. Einzelheiten \u00fcber die von uns eingesetzten Cookies und die M\u00f6glichkeit diese abzulehnen, finden Sie in unseren Datenschutzhinweisen. Durch die Nutzung unserer Webseite erkl\u00e4ren Sie sich mit der Verwendung von Cookies einverstanden.<\/p>\n\n\n\n<p style=\"font-size:14px\"><strong>Datenschutzhinweise<\/strong><\/p>\n\n\n\n<p style=\"font-size:14px\">Der verantwortungsvolle und sensible Umgang mit personenbezogenen Daten aller Nutzenden ist f\u00fcr die Immobilienverwaltung HauSTeam ein \u00e4u\u00dferst wichtiges Anliegen. Der Einhaltung der datenschutzrechtlichen Vorschriften zur Erhebung, Verarbeitung und Nutzung personenbezogener Daten, insbesondere die Vorgaben des\u00a0<a href=\"http:\/\/www.gesetze-im-internet.de\/bdsg_1990\/\">Bundesdatenschutzgesetzes (BDSG)<\/a>\u00a0und des\u00a0<a href=\"http:\/\/www.gesetze-im-internet.de\/tmg\/\">Telemediengesetzes (TMG)<\/a>, f\u00fchlt sich die Immobilienverwaltung HauSTeam in besonderem Ma\u00dfe verpflichtet.<\/p>\n\n\n\n<p style=\"font-size:14px\">Die folgenden Datenschutzhinweise informieren \u00fcber Zweck, Art und Umfang der Erhebung und Verwendung personenbezogener Daten bei der Nutzung der Dienste, die unter der Internetadresse www.hausteam.net zug\u00e4nglich gemacht werden.<\/p>\n\n\n\n<p style=\"font-size:14px\">Anbieter der Internetseiten ist dieImmobilienverwaltung HauSTeam. F\u00fcr externe Websites \u2013 au\u00dferhalb der Internetangebots www.hausteam.net \u2013 finden diese Hinweise keine Anwendung.<\/p>\n\n\n\n<p style=\"font-size:14px\">Das Internetangebot www.hausteam.net ist aufgeteilt in einen \u00f6ffentlichen und allgemein zug\u00e4nglichen Bereich und einen Bereich f\u00fcr registrierte Nutzer\/Nutzerinnen, in dem erweiterte Leistungen angeboten werden. F\u00fcr die Erbringung der erweiterten Leistungen ist auch die Erhebung, Verarbeitung und Nutzung weiterer (personenbezogener) Daten erforderlich.<\/p>\n\n\n\n<p style=\"font-size:14px\">Um eine verst\u00e4ndliche Information der Besucher und registrierten Nutzer\/Nutzerinnen zu erm\u00f6glichen, sind diese in Hinweise f\u00fcr den allgemein zug\u00e4nglichen Bereich und erg\u00e4nzende Hinweise f\u00fcr den Bereich f\u00fcr registrierte Nutzer\/Nutzerinnen aufgeteilt.<\/p>\n\n\n\n<p style=\"font-size:14px\"><strong>Datenschutzhinweise<\/strong><br><strong>Datenschutzhinweise f\u00fcr den allgemeinen Bereich www.hausteam.net<\/strong><\/p>\n\n\n\n<p style=\"font-size:14px\">Bei einem Besuch des Internetangebots www.hausteam.net werden automatisch Informationen erhoben und verarbeitet, die f\u00fcr die Anzeige der Internetseiten in Ihrem Endger\u00e4t erforderlich sind.<\/p>\n\n\n\n<p style=\"font-size:14px\">Zweck der Erhebung, Verarbeitung und Nutzung von Daten ist das Betreiben einer Website mit Informationen zur HauSTeam durch die HauSTeam und erweiterten Informations- und Kommunikationsangeboten f\u00fcr registrierte Nutzer\/Nutzerinnen.<\/p>\n\n\n\n<p style=\"font-size:14px\">Ein Teil der Informationen, die im Zusammenhang mit der Nutzung dieser Internetseiten erhoben werden, sind personenbezogene Daten. Personenbezogene Daten sind Einzelangaben \u00fcber pers\u00f6nliche oder sachliche Verh\u00e4ltnisse einer bestimmten oder bestimmbaren nat\u00fcrlichen Person.<\/p>\n\n\n\n<p style=\"font-size:14px\">Folgende Daten werden bei einem Besuch der Internetseiten erhoben:<\/p>\n\n\n\n<p style=\"font-size:14px\">\u2013 Browsertyp\/-version,<br>\u2013 verwendetes Betriebssystem,<br>\u2013 Referrer URL (die zuvor besuchte Seite),<br>\u2013 der Hostname des zugreifenden Rechners (IP-Adresse wobei die letzten<br>   Stellen der IP verschl\u00fcsselt werden),<br>\u2013 die Uhrzeit der Serveranfrage,<br>\u2013 \u00dcbertragene Datenmenge,<br>\u2013 Statusmeldung dar\u00fcber, ob der Abruf erfolgreich war<br>\u2013 Sessionnummer<\/p>\n\n\n\n<p style=\"font-size:14px\">Die Speicherung der kompletten IP-Adresse erfolgt lediglich zum Zwecke der Sicherheit der verwendeten informationstechnischen Systeme. Eine Nutzung von IP-Adressen erfolgt nur dann, wenn Tatsachen die Annahme rechtfertigen, dass unbefugte Dritte Zugriff auf IT-Systeme von uns nehmen wollen, bzw. den Betrieb der Internetseiten negativ beeintr\u00e4chtigen m\u00f6chten. Wir sch\u00fctzen uns so vor Hacking-\/Cracking und anderen negativen Einflussnahmen (z. B. sog. Denial-of-Service Angriffe etc.).<\/p>\n\n\n\n<p style=\"font-size:14px\">Weitere Daten von Ihnen werden nur dann erhoben, wenn Sie selbst Daten auf den Internetseiten angeben. Das kann z. B. Ihre E-Mail-Adresse f\u00fcr den Erhalt unseres Newsletters sein.<\/p>\n\n\n\n<p style=\"font-size:14px\">Von Ihnen angegebene Daten werden grunds\u00e4tzlich nur f\u00fcr die Zwecke verarbeitet und genutzt, f\u00fcr die sie erhoben wurden.<\/p>\n\n\n\n<p style=\"font-size:14px\">Im gesamten Internetangebot werden Pflichtangaben entsprechend gekennzeichnet. Daten, die nicht als Pflichtfelder gekennzeichnet sind, sind freiwillige Angaben. Sie k\u00f6nnen Ihre Einwilligung zur Verarbeitung und Nutzung freiwilliger Angaben jederzeit uns gegen\u00fcber mit Wirkung f\u00fcr die Zukunft widerrufen.<\/p>\n\n\n\n<p style=\"font-size:14px\"><strong>Newsletter<\/strong><\/p>\n\n\n\n<p style=\"font-size:14px\">Die Anmeldung zum Abonnement des Newsletter erfolgt durch ein Double Opt-in. Zum Anmelden tr\u00e4gt die Nutzerin\/der Nutzer ihre E-Mail-Adresse ein, an die der Newsletter versandt werden soll. Eine Angabe von Anrede, Vor- und Zuname im Anmeldeformular sind freiwillig und dienen der pers\u00f6nlichen Anrede der Abonnentin\/des Abonnenten. Die Nutzerin\/ der Nutzer erh\u00e4lt eine Best\u00e4tigungsnachricht. Darin enthalten ist ein Best\u00e4tigungslink. Erst durch das Anklicken dieses Links ist das Anmeldeverfahren abgeschlossen.<\/p>\n\n\n\n<p style=\"font-size:14px\">In unserem Newsletter werden Z\u00e4hlpixel zur Messung der Zugriffe auf den Newsletter eingesetzt. Z\u00e4hlpixel werden von uns allein zu statistischen Zwecken genutzt, um Zugriffszahlen zu erheben. Die Abonnentin \/der Abonnent kann durch Widerruf das Abonnement jederzeit beenden. Dies geschieht durch den Abbestellungslink innerhalb der Newsletter E-Mail oder durch das Senden einer E-Mail an <a rel=\"noreferrer noopener\" href=\"mailto:info@hausteam.net\" target=\"_blank\"><a rel=\"noreferrer noopener\" href=\"mailto:info@hausteam.net\" target=\"_blank\">info[at]hausteam.net<\/a><\/a> RSS-Nachrichten (\u201eRSS-Feeds\u201c)<\/p>\n\n\n\n<p style=\"font-size:14px\">Unsere Internetseiten bieten den Nutzern die M\u00f6glichkeit RSS-Feeds zu beziehen. Dar\u00fcber k\u00f6nnen Sie sich \u00fcber Aktualisierungen auf unseren Internetseiten im Bereich \u201cAktuelles\u201c und \u201ePressemitteilungen\u201c informieren lassen, ohne die Seite besuchen zu m\u00fcssen. F\u00fcr die Nutzung dieses Dienstes sind keine Angaben von pers\u00f6nlichen Daten erforderlich. Wir verweisen ausdr\u00fccklich darauf, dass eine Verbreitung unserer RSS-Feeds nur im Rahmen der Nutzungsbedingungen erlaubt ist.<\/p>\n\n\n\n<p style=\"font-size:14px\"><strong>Cookies<\/strong><\/p>\n\n\n\n<p style=\"font-size:14px\">Diese Internetseite www.hausteam.net verwendet Cookies. Cookies sind kleine Textinformationen, die \u00fcber Ihren Browser im Endger\u00e4t als Datei gespeichert werden.<\/p>\n\n\n\n<p style=\"font-size:14px\">Cookies richten auf dem Rechner des Nutzers keinen Schaden an und enthalten keine Viren.<\/p>\n\n\n\n<p style=\"font-size:14px\">Cookies erm\u00f6glichen uns, das Internetangebot m\u00f6glichst nutzerfreundlich zu gestalten. Wir setzen Cookies zudem ggf. daf\u00fcr ein, pseudonyme oder anonyme Nutzungsstatistiken zur Optimierung dieser Internetseiten zu erstellen.<\/p>\n\n\n\n<p style=\"font-size:14px\">Wenn Sie nicht wollen, dass Cookies verwendet werden, dann k\u00f6nnen Sie die Nutzung und das Setzen von Cookies verhindern, indem Sie in Ihrem Browser das Setzen von Cookies durch diese Domain (www.hausteam.net) blockieren. Bitte sehen Sie ggf. in der Programmhilfe nach, wie Sie das in Ihrem Browser einrichten k\u00f6nnen. Cookies sind nicht grunds\u00e4tzlich negativ, sondern erlauben Userinteraktionen und auch sonstige sinnvolle Angebote. Man kann mit Cookies auch b\u00f6se Sachen machen, was hier aber (nat\u00fcrlich) nicht passiert. Es kommen insbesondere keine Flash-Cookies zum Einsatz (insbesondere kein \u201cRespawning\u201d von Cookies).<\/p>\n\n\n\n<p style=\"font-size:14px\"><strong>E-Mail-Kommunikation<\/strong><\/p>\n\n\n\n<p style=\"font-size:14px\">Wenn Sie uns E-Mails senden wollen, k\u00f6nnen Sie dies gerne \u00fcber die angegebenen Adressen tun. Beachten Sie jedoch bitte, dass unverschl\u00fcsselte E-Mails, die \u00fcber das Internet versendet werden, w\u00e4hrend des Transportwegs nicht hinreichend vor der unbefugten Kenntnisnahme durch Dritte gesch\u00fctzt sind.<\/p>\n\n\n\n<p><strong>Auskunftsrecht<\/strong><\/p>\n\n\n\n<p style=\"font-size:14px\">Sie k\u00f6nnen jederzeit Auskunft \u00fcber die zu Ihrer Person gespeicherten Daten verlangen.<\/p>\n\n\n\n<p style=\"font-size:14px\">Beachten Sie in dem Zusammenhang bitte, dass wir von nichtregistrierten Besuchern der Internetseite keine personenbezogenen Daten speichern bzw. keinen unmittelbaren Personenbezug herleiten k\u00f6nnen.<\/p>\n\n\n\n<p style=\"font-size:14px\">Sie haben nach \u00a7 34 BDSG das Recht, Auskunft \u00fcber die zu Ihrer Person gespeicherten Daten, den Zweck der Speicherung sowie \u00fcber die Weitergabe von Daten zu verlangen.<\/p>\n\n\n\n<p style=\"font-size:14px\">Beachten Sie bitte, dass wir bei Auskunftsanfragen, die nicht schriftlich erfolgen, zum Schutz der Person, \u00fcber die Daten gespeichert sind, ggf. verlangen, dass nachgewiesen wird, dass Sie wirklich die Person sind, \u00fcber deren personenbezogene Daten Auskunft verlangt wird.<\/p>\n\n\n\n<p style=\"font-size:14px\"><strong>Verwendung von Social Plugins<\/strong><\/p>\n\n\n\n<p style=\"font-size:14px\">Die Webseite verwendet sogenannte Social Plugins. Diese stammen von ausgew\u00e4hlten Anbietern (z. B. Facebook, Twitter, Google+ oder Pinterest). In die Seiten von www.hausteam.net sind diese Social Plugins durch eine 2-Klick-L\u00f6sung integriert. Das bedeutet, es werden erst dann Daten an die genannten sozialen Netzwerke gesandt, wenn ein am Ende der jeweiligen Seite befindlicher Button aktiviert wird. Erst durch aktivieren der Buttons wird eine Verbindung mit dem Kooperationspartner hergestellt. Eine Empfehlung kann dann durch den zweiten Click an Facebook, Google+, Twitter oder Pinterest \u00fcbermittelt werden. So hat es der User selbst in der Hand, ob Daten an Soziale Netzwerke gesandt werden oder nicht.<\/p>\n\n\n\n<p style=\"font-size:14px\">Die Zustimmungsbuttons k\u00f6nnen Sie unter Einstellungen auch dauerhaft aktivieren. Setzen Sie einfach das oder die entsprechende H\u00e4kchen zur Freischaltung Ihrer sozialen Netzwerke. \u00dcber das Zahnrad-Icon k\u00f6nnen Sie diese Automatisierung jederzeit wieder r\u00fcckg\u00e4ngig machen.&nbsp;<a href=\"http:\/\/www.heise.de\/ct\/artikel\/2-Klicks-fuer-mehr-Datenschutz-1333879.html\">Weitere Erkl\u00e4rungen zu der 2-Klick-L\u00f6sung finden sich hier &gt;&gt;<\/a><\/p>\n\n\n\n<p style=\"font-size:14px\"><strong>Verwendung von Facebook-Connect<\/strong><\/p>\n\n\n\n<p style=\"font-size:14px\">Auf dieser Webseite ist es m\u00f6glich sich \u00fcber den Facebook-Account zu registrieren.<\/p>\n\n\n\n<p style=\"font-size:14px\">Facebook Connect ist ein Angebot von Facebook, Inc. Die Nutzung von Facebook Connect unterliegt den Datenschutzbedingungen und Nutzungsbedingungen von Facebook.<\/p>\n\n\n\n<p style=\"font-size:14px\">Bei der Nutzung von Facebook Connect werden Facebook-Profildaten und auf Facebook \u00f6ffentliche Daten aus Ihrem Facebook-Profil an www.hausteam.net \u00fcbertragen. Umgekehrt k\u00f6nnen Daten von www.hausteam.net an Ihr Facebook-Profil \u00fcbertragen werden. Ihre \u00fcbertragenen Daten werden von uns zum Zweck der Registrierung auf der Seite www.hausteam.net gespeichert und verarbeitet.<\/p>\n\n\n\n<p style=\"font-size:14px\">Mit der Registrierung auf www.hausteam.net \u00fcber Facebook-Connect, stimmen Sie der \u00dcbertragung von Profildaten aus Ihrem Facebook-Profil an www.hausteam.net sowie der \u00dcbertragung von Daten zur Nutzung von www.hausteam.net an Facebook zu. Es werden diejenigen Daten \u00fcbertragen, die in Ihrem Facebook-Profil als \u00f6ffentliche Daten zur Verf\u00fcgung stehen. Wir weisen darauf hin, dass es nach \u00c4nderungen der Datenschutzbedingungen und Nutzungsbedingungen von Facebook auch zu einer \u00dcbertragung der \u201eFreundesliste\u201c des Facebook-Profilinhabers kommen kann, wenn diese in den Privatsph\u00e4reeinstellungen bei Facebook als \u201e\u00f6ffentlich\u201c markiert wurde.\u00a0<a href=\"https:\/\/www.facebook.com\/about\/privacy\/your-info-on-other\">Weitere Informationen finden sie hier >><\/a><\/p>\n\n\n\n<p style=\"font-size:14px\"><strong>Funktion \u201eEmpfehlen\u201c<\/strong><\/p>\n\n\n\n<p style=\"font-size:14px\">Beitr\u00e4ge und Artikel bieten am Ende die M\u00f6glichkeit den Inhalt Freunden und Bekannten per E-Mail zu empfehlen. Die dort eingegebene E-Mail-Adresse des Empfehlenden und die E-Mail-Adresse des Empf\u00e4ngers werden ausschlie\u00dflich zu \u00dcbertragungszwecken verwendet \u2013 um den Adressaten \u00fcber den Absender zu informieren, bzw. um im Fall eines \u00dcbertragungsfehlers eine Benachrichtigung zu \u00fcbermitteln. \u00c4nderung und Abrufbarkeit der Datenschutzerkl\u00e4rung<\/p>\n\n\n\n<p style=\"font-size:14px\">Diese Datenschutzbestimmungen sind jederzeit in ihrer jeweils g\u00fcltigen Fassung auf dem Internetangebot www.hausteam.net abrufbar. Registrierte Nutzer\/Nutzerinnen erhalten \u00e4ltere Fassungen auf Anfrage.<\/p>\n\n\n\n<p style=\"font-size:14px\"><strong>Sichtbarkeit \/ Privatsph\u00e4reneinstellung<\/strong><\/p>\n\n\n\n<p style=\"font-size:14px\">Wenn Sie sich als Nutzer\/Nutzerin registrieren, dann sind folgende Informationen \u00fcber Sie f\u00fcr andere Nutzer immer sichtbar:<\/p>\n\n\n\n<p style=\"font-size:14px\">\u2013 Ihr Nutzername bzw. Name (je nach Auswahl)<br>\u2013 Ihr Foto, wenn Sie ein Foto hochgeladen haben<br>\u2013 \u201e\u00dcber mich\u201c-Bereich<\/p>\n\n\n\n<p style=\"font-size:14px\">Die Sichtbarkeit aller weiteren Angaben, die Sie zu Ihrer Person gemacht haben, k\u00f6nnen Sie selbst in Ihren Privatsph\u00e4re Einstellungen in Ihrem Profilbereich einstellen.<\/p>\n\n\n\n<p style=\"font-size:14px\">Bitte beachten Sie, dass die Informationen f\u00fcr jedermann einsehbar sind, wenn Sie die Sichtbarkeit auf \u201ejeder\u201c eingestellt haben und so derzeit auch von Suchmaschinen gefunden und wiedergegeben werden k\u00f6nnen.<\/p>\n\n\n\n<p style=\"font-size:14px\"><strong>Analysedienste<\/strong><\/p>\n\n\n\n<p style=\"font-size:14px\">Unsere Website verwendet Piwik zur Analyse, dabei handelt es sich um einen sogenannten Webanalysedienst. Piwik verwendet sog. \u201eCookies\u201c, das sind Textdateien, die auf Ihrem Computer gespeichert werden und die unsererseits eine Analyse der Benutzung der Webseite erm\u00f6glichen. Zu diesem Zweck werden die durch den Cookie erzeugten Nutzungsinformationen (einschlie\u00dflich Ihrer gek\u00fcrzten IP-Adresse) an unseren Server \u00fcbertragen und zu Nutzungsanalysezwecken gespeichert, was der Webseitenoptimierung unsererseits dient. Ihre IP-Adresse wird bei diesem Vorgang umgehend anonymisiert, so dass Sie als Nutzer f\u00fcr uns anonym bleiben. Die durch den Cookie erzeugten Informationen \u00fcber Ihre Benutzung dieser Webseite werden nicht an Dritte weitergegeben. Sie k\u00f6nnen die Verwendung der Cookies durch eine entsprechende Einstellung Ihrer Browser Software verhindern, es kann jedoch sein, dass Sie in diesem Fall gegebenenfalls nicht s\u00e4mtliche Funktionen dieser Website voll umf\u00e4nglich nutzen k\u00f6nnen.<\/p>\n\n\n\n<p style=\"font-size:14px\">Wenn Sie mit der Speicherung und Auswertung dieser Daten aus Ihrem Besuch nicht ein\u00adver\u00adstan\u00adden sind, dann k\u00f6n\u00adnen Sie der Speicherung und Nutzung jederzeit widersprechen. In diesem Fall wird in Ihrem Browser ein sog. Opt-Out-Cookie abgelegt, was zur Folge hat, dass Piwik keinerlei Sitzungsdaten erhebt. Achtung: Wenn Sie Ihre Cookies l\u00f6schen, so hat dies zur Folge, dass auch das Opt-Out-Cookie gel\u00f6scht wird und ggf. von Ihnen erneut aktiviert werden muss.<\/p>\n\n\n\n<p style=\"font-size:14px\"><strong>Facebook Lead Formulare<\/strong><\/p>\n\n\n\n<p style=\"font-size:14px\">Die Immobiliendienstleitungen HauSTeam gibt Facebook-NutzerInnen \u00fcber sogennante \u201cLead-Ads\u201d die M\u00f6glichkeit sich f\u00fcr unseren Newsletter einzutragen. Dabei findet ein Datentransfer mit Facebook statt. Bei der Eintragung gibt der Nutzer\/die Nutzerin folgende Einwilligungserkl\u00e4rung ab: \u201cJa, ich bin jederzeit widerruflich damit einverstanden, dass Immobilienverwaltung HauSTeam mich per E-Mail \u00fcber Themen und Veranstaltungen benachrichtigt.\u201d<\/p>\n\n\n\n<p style=\"font-size:14px\"><strong>Widerspruch<\/strong><br><strong>Personalisierte Informationen<\/strong><\/p>\n\n\n\n<p style=\"font-size:14px\">Wir verwenden Ihre Profildaten auch dazu, Ihnen ggf. personalisierte Informationen bei der Inanspruchnahme des Dienstes anzuzeigen.<\/p>\n\n\n\n<p style=\"font-size:14px\">Sie k\u00f6nnen dem Erhalt personalisierter Informationen jederzeit widersprechen, in dem Sie dies in Ihren Profileinstellungen entsprechend einstellen oder uns dies in Textform (z. B. E-Mail) mitteilen.<\/p>\n\n\n\n<p style=\"font-size:14px\"><strong>Widerruf von Einwilligungen<\/strong><\/p>\n\n\n\n<p style=\"font-size:14px\">Sie k\u00f6nnen der Verarbeitung und Nutzung von Daten, die nicht zwingend f\u00fcr die Erbringung des Internetangebotes sind, jederzeit mit Wirkung f\u00fcr die Zukunft widerrufen.<\/p>\n\n\n\n<p style=\"font-size:14px\">Ihre Einwilligung, von Immobilienverwaltung HauSTeam Mails zu erhalten, k\u00f6nnen Sie mit einem Klick auf den auf den \u201eAbmelden\u201c Link in jedem Newsletter widerrufen. Au\u00dferdem k\u00f6nnen Sie die auch per Mail an <a rel=\"noreferrer noopener\" href=\"mailto:info@hausteam.net\" target=\"_blank\"><\/a><a rel=\"noreferrer noopener\" href=\"mailto:info@hausteam.net\" target=\"_blank\">info[at]hausteam.net<\/a> oder per Post an Immobilienverwaltung HauSTeam, Kim St\u00fchmer, Schulstra\u00dfe 43, 24882 Schaalby tun.<\/p>\n\n\n\n<p style=\"font-size:14px\">Sofern durch den Widerruf die Inanspruchnahme des Internetangebotes www.hausteam.net ganz oder teilweise beeintr\u00e4chtigt wird, werden wir hierauf noch einmal gesondert hinweisen.<\/p>\n","protected":false},"excerpt":{"rendered":"<p>Diese Webseite verwendet Cookies, auch zur Optimierung der Webseitennutzung und zur Auswertung von Webseiten besuchen. Einzelheiten \u00fcber die von uns eingesetzten Cookies und die M\u00f6glichkeit diese abzulehnen, finden Sie in unseren Datenschutzhinweisen. Durch die Nutzung &hellip; <a href=\"https:\/\/hausteam.net\/?page_id=90\">Weiterlesen &rarr;<\/a><\/p>\n","protected":false},"author":2,"featured_media":0,"parent":0,"menu_order":0,"comment_status":"closed","ping_status":"closed","template":"","meta":[],"_links":{"self":[{"href":"https:\/\/hausteam.net\/index.php?rest_route=\/wp\/v2\/pages\/90"}],"collection":[{"href":"https:\/\/hausteam.net\/index.php?rest_route=\/wp\/v2\/pages"}],"about":[{"href":"https:\/\/hausteam.net\/index.php?rest_route=\/wp\/v2\/types\/page"}],"author":[{"embeddable":true,"href":"https:\/\/hausteam.net\/index.php?rest_route=\/wp\/v2\/users\/2"}],"replies":[{"embeddable":true,"href":"https:\/\/hausteam.net\/index.php?rest_route=%2Fwp%2Fv2%2Fcomments&post=90"}],"version-history":[{"count":7,"href":"https:\/\/hausteam.net\/index.php?rest_route=\/wp\/v2\/pages\/90\/revisions"}],"predecessor-version":[{"id":393,"href":"https:\/\/hausteam.net\/index.php?rest_route=\/wp\/v2\/pages\/90\/revisions\/393"}],"wp:attachment":[{"href":"https:\/\/hausteam.net\/index.php?rest_route=%2Fwp%2Fv2%2Fmedia&parent=90"}],"curies":[{"name":"wp","href":"https:\/\/api.w.org\/{rel}","templated":true}]}}