{"id":87,"date":"2021-02-12T20:47:55","date_gmt":"2021-02-12T20:47:55","guid":{"rendered":"https:\/\/hausteam.net\/?page_id=87"},"modified":"2021-05-02T09:50:28","modified_gmt":"2021-05-02T09:50:28","slug":"impressum","status":"publish","type":"page","link":"https:\/\/hausteam.net\/?page_id=87","title":{"rendered":"Impressum"},"content":{"rendered":"\n<p style=\"font-size:14px\"><strong>Angaben gem\u00e4\u00df \u00a7 5 TMG<\/strong>:<br>Immobilienverwaltung HauSTeam<br>Kim St\u00fchmer<br>Schulstra\u00dfe 43<br>24882 Schaalby<\/p>\n\n\n\n<p style=\"font-size:14px\">Telefon: (04622) 328 99 89<br><a href=\"mailto:info@hausteam.net\">info[at]hausteam.net<\/a><\/p>\n\n\n\n<p style=\"font-size:14px\"><strong>Verantwortlich f\u00fcr die inhaltliche Pflege nach \u00a7 55 Abs. 2 RStV:<\/strong><br>Immobilienverwaltung HauSTeam<br>Kim St\u00fchmer<br>Schulstra\u00dfe 43<br>24882 Schaalby<\/p>\n\n\n\n<p style=\"font-size:14px\"><strong>Design:<\/strong><br>Yvonne Dietz-Korsawe<br>Siedlung 6, 24882 Schaalby<br>yvonne.dietz[at]idfabrik.de<\/p>\n\n\n\n<p style=\"font-size:14px\">Bilder\/Pictogramme: <a rel=\"noreferrer noopener\" href=\"https:\/\/pixabay.com\/\" target=\"_blank\">www.pixabay.com<\/a> und HauSTeam<\/p>\n\n\n\n<p style=\"font-size:14px\"><strong>Kontakt<\/strong><br>Wenn Sie Kontakt aufnehmen wollen,<br>wenden Sie sich bitte telefonisch an Kim St\u00fchmer<br>Telefon: (04622) 328 99 89<\/p>\n\n\n\n<p style=\"font-size:14px\">oder schreiben Sie an:<\/p>\n\n\n\n<p style=\"font-size:14px\">Immobilienverwaltung HauSTeam<br>Kim St\u00fchmer<br>Schulstra\u00dfe 43<br>24882 Schaalby<\/p>\n\n\n\n<p style=\"font-size:14px\">Alle Texte, Fotos und sonstige Gestaltungselemente dieses Internetangebots sind f\u00fcr die Immobilienverwaltung HauSTeam urheberrechtlich gesch\u00fctzt, sofern nicht ein\/e andere\/r Urheber\/in oder ein\/e andere\/r Urheberrechtsinhaber\/in angegeben ist. Jede Nutzung dieser Inhalte darf nur mit schriftlicher Zustimmung der Immobiliendienstleitungen HauSTeam erfolgen. Die Immobiliendienstleitungen HauSTeam erteilt seine Zustimmung zur Nutzung\/\u00dcbernahme der urheberrechtsrelevanten Elemente auf dieser Seite den regionalen Gliederungen der Immobilienverwaltung HauSTeam f\u00fcr die Gestaltung ihrer Internetseiten, soweit kein gekennzeichneter Urheberrechtsvermerk zugunsten eines Dritten besteht. Soweit als Urheber\/in oder Urheberrechtsinhaber\/in ein Dritter angegeben ist, m\u00fcssen die Nutzungsrechte vor entsprechender \u00dcbernahme von diesem\/dieser erworben werden .<\/p>\n\n\n\n<p style=\"font-size:14px\">Wir halten auf unseren Internetseiten Links zu anderen Web-Seiten vor bzw. binden entsprechende Inhalte ein. Da wir keinen Einfluss auf die Gestaltung sowie die Inhalte dieser Seiten haben, \u00fcbernehmen wir f\u00fcr diese auch keine Haftung.<\/p>\n","protected":false},"excerpt":{"rendered":"<p>Angaben gem\u00e4\u00df \u00a7 5 TMG:Immobilienverwaltung HauSTeamKim St\u00fchmerSchulstra\u00dfe 4324882 Schaalby Telefon: (04622) 328 99 89info[at]hausteam.net Verantwortlich f\u00fcr die inhaltliche Pflege nach \u00a7 55 Abs. 2 RStV:Immobilienverwaltung HauSTeamKim St\u00fchmerSchulstra\u00dfe 4324882 Schaalby Design:Yvonne Dietz-KorsaweSiedlung 6, 24882 Schaalbyyvonne.dietz[at]idfabrik.de Bilder\/Pictogramme: &hellip; <a href=\"https:\/\/hausteam.net\/?page_id=87\">Weiterlesen &rarr;<\/a><\/p>\n","protected":false},"author":2,"featured_media":0,"parent":0,"menu_order":0,"comment_status":"closed","ping_status":"closed","template":"","meta":[],"_links":{"self":[{"href":"https:\/\/hausteam.net\/index.php?rest_route=\/wp\/v2\/pages\/87"}],"collection":[{"href":"https:\/\/hausteam.net\/index.php?rest_route=\/wp\/v2\/pages"}],"about":[{"href":"https:\/\/hausteam.net\/index.php?rest_route=\/wp\/v2\/types\/page"}],"author":[{"embeddable":true,"href":"https:\/\/hausteam.net\/index.php?rest_route=\/wp\/v2\/users\/2"}],"replies":[{"embeddable":true,"href":"https:\/\/hausteam.net\/index.php?rest_route=%2Fwp%2Fv2%2Fcomments&post=87"}],"version-history":[{"count":12,"href":"https:\/\/hausteam.net\/index.php?rest_route=\/wp\/v2\/pages\/87\/revisions"}],"predecessor-version":[{"id":398,"href":"https:\/\/hausteam.net\/index.php?rest_route=\/wp\/v2\/pages\/87\/revisions\/398"}],"wp:attachment":[{"href":"https:\/\/hausteam.net\/index.php?rest_route=%2Fwp%2Fv2%2Fmedia&parent=87"}],"curies":[{"name":"wp","href":"https:\/\/api.w.org\/{rel}","templated":true}]}}