{"id":2,"date":"2021-02-10T09:49:04","date_gmt":"2021-02-10T09:49:04","guid":{"rendered":"https:\/\/hausteam.net\/?page_id=2"},"modified":"2021-04-17T18:48:34","modified_gmt":"2021-04-17T18:48:34","slug":"sample-page","status":"publish","type":"page","link":"https:\/\/hausteam.net\/","title":{"rendered":"Immobilienverwaltung HauSTeam"},"content":{"rendered":"\t\t<div data-elementor-type=\"wp-page\" data-elementor-id=\"2\" class=\"elementor elementor-2\" data-elementor-settings=\"[]\">\n\t\t\t\t\t\t\t<div class=\"elementor-section-wrap\">\n\t\t\t\t\t\t\t<section class=\"elementor-section elementor-top-section elementor-element elementor-element-b15e473 elementor-section-boxed elementor-section-height-default elementor-section-height-default\" data-id=\"b15e473\" data-element_type=\"section\">\n\t\t\t\t\t\t<div class=\"elementor-container elementor-column-gap-default\">\n\t\t\t\t\t<div class=\"elementor-column elementor-col-100 elementor-top-column elementor-element elementor-element-2c8d672\" data-id=\"2c8d672\" data-element_type=\"column\">\n\t\t\t<div class=\"elementor-widget-wrap elementor-element-populated\">\n\t\t\t\t\t\t\t\t<div class=\"elementor-element elementor-element-07c5a33 elementor-widget-divider--view-line elementor-widget elementor-widget-divider\" data-id=\"07c5a33\" data-element_type=\"widget\" data-widget_type=\"divider.default\">\n\t\t\t\t<div class=\"elementor-widget-container\">\n\t\t\t\t\t<div class=\"elementor-divider\">\n\t\t\t<span class=\"elementor-divider-separator\">\n\t\t\t\t\t\t<\/span>\n\t\t<\/div>\n\t\t\t\t<\/div>\n\t\t\t\t<\/div>\n\t\t\t\t\t<\/div>\n\t\t<\/div>\n\t\t\t\t\t\t\t<\/div>\n\t\t<\/section>\n\t\t\t\t<section class=\"elementor-section elementor-top-section elementor-element elementor-element-9ff53b0 elementor-section-boxed elementor-section-height-default elementor-section-height-default\" data-id=\"9ff53b0\" data-element_type=\"section\">\n\t\t\t\t\t\t<div class=\"elementor-container elementor-column-gap-default\">\n\t\t\t\t\t<div class=\"elementor-column elementor-col-100 elementor-top-column elementor-element elementor-element-1a7fa60\" data-id=\"1a7fa60\" data-element_type=\"column\">\n\t\t\t<div class=\"elementor-widget-wrap elementor-element-populated\">\n\t\t\t\t\t\t\t\t<div class=\"elementor-element elementor-element-0ba3e11 elementor-widget elementor-widget-text-editor\" data-id=\"0ba3e11\" data-element_type=\"widget\" data-widget_type=\"text-editor.default\">\n\t\t\t\t<div class=\"elementor-widget-container\">\n\t\t\t\t\t<div class=\"elementor-text-editor elementor-clearfix\"><p><strong>Zertifizierter IHK Wohnimmobilienverwalter nach \u00a7 34c GeWO<\/strong><\/p>\n<p class=\"has-normal-font-size\">Ihr Profi f\u00fcr Haus und Garten &#8211; rund um Betreuung &#8211; Verwaltung &#8211;<br \/>Instandhaltung &#8211; Service!<\/p><\/div>\n\t\t\t\t<\/div>\n\t\t\t\t<\/div>\n\t\t\t\t\t<\/div>\n\t\t<\/div>\n\t\t\t\t\t\t\t<\/div>\n\t\t<\/section>\n\t\t\t\t<section class=\"elementor-section elementor-top-section elementor-element elementor-element-b751fa7 elementor-section-boxed elementor-section-height-default elementor-section-height-default\" data-id=\"b751fa7\" data-element_type=\"section\">\n\t\t\t\t\t\t<div class=\"elementor-container elementor-column-gap-default\">\n\t\t\t\t\t<div class=\"elementor-column elementor-col-100 elementor-top-column elementor-element elementor-element-c605fb1\" data-id=\"c605fb1\" data-element_type=\"column\">\n\t\t\t<div class=\"elementor-widget-wrap elementor-element-populated\">\n\t\t\t\t\t\t\t\t<div class=\"elementor-element elementor-element-942b4dc elementor-invisible elementor-widget elementor-widget-text-editor\" data-id=\"942b4dc\" data-element_type=\"widget\" data-settings=\"{&quot;_animation&quot;:&quot;fadeInLeft&quot;}\" data-widget_type=\"text-editor.default\">\n\t\t\t\t<div class=\"elementor-widget-container\">\n\t\t\t\t\t<div class=\"elementor-text-editor elementor-clearfix\"><p style=\"font-style: normal; font-variant-ligatures: normal; font-variant-caps: normal; font-weight: 400; font-family: Roboto, sans-serif;\"><a href=\"https:\/\/hausteam.net\/?page_id=99\"><img loading=\"lazy\" class=\"alignleft wp-image-25\" src=\"https:\/\/hausteam.net\/wp-content\/uploads\/2021\/02\/icon-Hausverwaltung-1.png\" alt=\"Hausverwaltung\" width=\"109\" height=\"109\" \/><\/a><\/p>\n<p style=\"font-style: normal; font-variant-ligatures: normal; font-variant-caps: normal; font-weight: 400; font-family: Roboto, sans-serif; color: #e30713;\"><strong>Hausverwaltung<\/strong><\/p>\n<p class=\"has-black-color has-text-color\" style=\"font-style: normal; font-variant-ligatures: normal; font-variant-caps: normal; font-weight: 400; font-size: 14px; font-family: Roboto, sans-serif; margin-bottom: 30px;\"><strong>Ihre Immobilie liegt uns am Herzen. Daf\u00fcr tun wir alles!<\/strong>\u00a0Nach wie vor z\u00e4hlen Immobilien zu den besonders sicheren Kapitalanlagen \u2013 vorausgesetzt, sie werden fachgerecht durch HauSTeam betreut und gepflegt. Diese Aufgabe, die wir f\u00fcr unsere Kunden \u00fcbernehmen. Jahrelange Erfahrung und individuelle Leistungspakete machen uns zu einem kompetenten Partner f\u00fcr Ihre Kapitalanlage.<\/p><\/div>\n\t\t\t\t<\/div>\n\t\t\t\t<\/div>\n\t\t\t\t<div class=\"elementor-element elementor-element-83e8525 elementor-invisible elementor-widget elementor-widget-text-editor\" data-id=\"83e8525\" data-element_type=\"widget\" data-settings=\"{&quot;_animation&quot;:&quot;fadeInRight&quot;}\" data-widget_type=\"text-editor.default\">\n\t\t\t\t<div class=\"elementor-widget-container\">\n\t\t\t\t\t<div class=\"elementor-text-editor elementor-clearfix\"><p style=\"font-style: normal; font-variant-ligatures: normal; font-variant-caps: normal; font-weight: 400; font-family: Roboto, sans-serif;\"><a href=\"https:\/\/hausteam.net\/?page_id=119\"><img loading=\"lazy\" class=\"alignleft wp-image-26\" src=\"https:\/\/hausteam.net\/wp-content\/uploads\/2021\/02\/icon-Bewertung.png\" alt=\"Immobilienbewertung\" width=\"109\" height=\"109\" \/><\/a><\/p>\n<p style=\"font-style: normal; font-variant-ligatures: normal; font-variant-caps: normal; font-weight: 400; font-family: Roboto, sans-serif; color: #e30713;\"><strong>Immobiliendienstleistung<\/strong><\/p>\n<p class=\"has-black-color has-text-color\" style=\"font-style: normal; font-variant-ligatures: normal; font-variant-caps: normal; font-weight: 400; font-size: 14px; font-family: Roboto, sans-serif; margin-bottom: 30px;\"><strong>100% kostenlose Bewertung Ihrer Immobilie<\/strong>. Mit pers\u00f6nlicher Erstberatung, einer fundierten Immobilienbewertung sowie einer umfassenden Betreuung, findet HauSTeam schnell den richtigen K\u00e4ufer f\u00fcr Ihr Haus. Beratung und Service sind bis zum Verkauf f\u00fcr den Eigent\u00fcmer kostenlos.<\/p><\/div>\n\t\t\t\t<\/div>\n\t\t\t\t<\/div>\n\t\t\t\t<div class=\"elementor-element elementor-element-73db47d elementor-invisible elementor-widget elementor-widget-text-editor\" data-id=\"73db47d\" data-element_type=\"widget\" data-settings=\"{&quot;_animation&quot;:&quot;fadeInLeft&quot;}\" data-widget_type=\"text-editor.default\">\n\t\t\t\t<div class=\"elementor-widget-container\">\n\t\t\t\t\t<div class=\"elementor-text-editor elementor-clearfix\"><p style=\"font-style: normal; font-variant-ligatures: normal; font-variant-caps: normal; font-weight: 400; font-family: Roboto, sans-serif;\"><a href=\"https:\/\/hausteam.net\/?page_id=117\"><img loading=\"lazy\" class=\"alignleft wp-image-34\" src=\"https:\/\/hausteam.net\/wp-content\/uploads\/2021\/02\/icon-handwerker.png\" alt=\"Handwerkerservice\" width=\"109\" height=\"109\" \/><\/a><\/p>\n<p style=\"font-style: normal; font-variant-ligatures: normal; font-variant-caps: normal; font-weight: 400; font-family: Roboto, sans-serif; color: #e30713;\"><strong>Handwerkerservice<\/strong><\/p>\n<p class=\"has-black-color has-text-color\" style=\"font-style: normal; font-variant-ligatures: normal; font-variant-caps: normal; font-weight: 400; font-size: 14px; font-family: Roboto, sans-serif; margin-bottom: 30px;\"><strong>Umfassende, handwerkliche Dienstleistungen aus einer Hand<\/strong>. Mit geringen (aber fortlaufenden) Investitionen und einer umfassenden Pflege, ist es nicht schwer, ein Geb\u00e4ude nachhaltig in einem ansehnlichen und sauberen Zustand zu erhalten. Von Malerarbeiten in und am Geb\u00e4ude, \u00fcber Reinigungsarbeiten, bis hin zur Gartenpflege \u2013 als erfahrener Betrieb bieten wir einen Komplettservice. Zusammen mit unseren Meister-, Innungs- und Handwerksbetrieben, halten wir den Kontakt zwischen Mieter und Vermieter und k\u00fcmmern uns um die individuellen Belange.<\/p><\/div>\n\t\t\t\t<\/div>\n\t\t\t\t<\/div>\n\t\t\t\t<div class=\"elementor-element elementor-element-53ea378 elementor-invisible elementor-widget elementor-widget-text-editor\" data-id=\"53ea378\" data-element_type=\"widget\" data-settings=\"{&quot;_animation&quot;:&quot;fadeInRight&quot;}\" data-widget_type=\"text-editor.default\">\n\t\t\t\t<div class=\"elementor-widget-container\">\n\t\t\t\t\t<div class=\"elementor-text-editor elementor-clearfix\"><p style=\"font-style: normal; font-variant-ligatures: normal; font-variant-caps: normal; font-weight: 400; font-family: Roboto, sans-serif;\"><a href=\"https:\/\/hausteam.net\/?page_id=121\"><img loading=\"lazy\" class=\"alignleft wp-image-36\" src=\"https:\/\/hausteam.net\/wp-content\/uploads\/2021\/02\/icon-Angebote.png\" alt=\"Angebote\" width=\"109\" height=\"109\" \/><\/a><\/p>\n<p style=\"font-style: normal; font-variant-ligatures: normal; font-variant-caps: normal; font-weight: 400; font-family: Roboto, sans-serif; color: #e30713;\"><strong>Aktuelle Angebote<\/strong><\/p>\n<p class=\"has-black-color has-text-color\" style=\"font-style: normal; font-variant-ligatures: normal; font-variant-caps: normal; font-weight: 400; font-size: 14px; font-family: Roboto, sans-serif; margin-bottom: 30px;\"><strong>Hier finden Sie unsere aktuellen Vermietungsangebote. Gern finden wir auch f\u00fcr Ihre Immobilien Mieter.<\/strong><\/p><\/div>\n\t\t\t\t<\/div>\n\t\t\t\t<\/div>\n\t\t\t\t\t<\/div>\n\t\t<\/div>\n\t\t\t\t\t\t\t<\/div>\n\t\t<\/section>\n\t\t\t\t<section class=\"elementor-section elementor-top-section elementor-element elementor-element-7d9f6256 elementor-section-boxed elementor-section-height-default elementor-section-height-default\" data-id=\"7d9f6256\" data-element_type=\"section\">\n\t\t\t\t\t\t<div class=\"elementor-container elementor-column-gap-default\">\n\t\t\t\t\t<div class=\"elementor-column elementor-col-100 elementor-top-column elementor-element elementor-element-480485c4\" data-id=\"480485c4\" data-element_type=\"column\">\n\t\t\t<div class=\"elementor-widget-wrap elementor-element-populated\">\n\t\t\t\t\t\t\t\t<div class=\"elementor-element elementor-element-5ddac660 elementor-widget elementor-widget-text-editor\" data-id=\"5ddac660\" data-element_type=\"widget\" data-widget_type=\"text-editor.default\">\n\t\t\t\t<div class=\"elementor-widget-container\">\n\t\t\t\t\t<div class=\"elementor-text-editor elementor-clearfix\"><div class=\"wp-block-media-text alignwide is-stacked-on-mobile is-vertically-aligned-top\" style=\"grid-template-columns: 15% auto;\">\n<div class=\"wp-block-media-text__content\"><br \/><br \/><\/div>\n<\/div>\n<div class=\"wp-block-cover alignwide has-background-dim is-position-center-center\" style=\"background-color: #e30713; min-height: 100px;\">\n<div class=\"wp-block-cover__inner-container\">\n<div class=\"wp-block-columns alignwide\">\n<div class=\"wp-block-column is-vertically-aligned-top\">\n<p><!-- wp:paragraph {\"align\":\"left\",\"placeholder\":\"Schreibe einen Titel\u2026\",\"textColor\":\"white\",\"style\":{\"typography\":{\"lineHeight\":\"1.2\",\"fontSize\":40}}} --><\/p>\n<p class=\"has-text-align-left has-white-color has-text-color\" style=\"font-size: 40px; line-height: 1.2;\"><strong>Unsere Kundenreferenzen! <\/strong><br \/>Zufriedene Kunden sind unser Aush\u00e4ngeschild.<\/p>\n<p><!-- \/wp:paragraph --><!-- wp:buttons --><\/p>\n<div class=\"wp-block-buttons\">\n<p><!-- wp:button {\"borderRadius\":3,\"style\":{\"color\":{\"background\":\"#fffffa\",\"text\":\"#00000a\"}}} --><\/p>\n<div class=\"wp-block-button\"><a class=\"wp-block-button__link has-text-color has-background\" style=\"border-radius: 3px; background-color: #fffffa; color: #00000a;\" href=\"https:\/\/hausteam.net\/?page_id=314\" target=\"_blank\" rel=\"noreferrer noopener\">Jetzt lesen<\/a><\/div>\n<p><!-- \/wp:button --><\/p>\n<\/div>\n<p><!-- \/wp:buttons --><\/p>\n<\/div>\n<p><!-- \/wp:column --><\/p>\n<\/div>\n<p><!-- \/wp:columns --><\/p>\n<\/div>\n<\/div>\n<p><!-- \/wp:cover --><!-- wp:paragraph --><\/p>\n<p><!-- \/wp:paragraph --><!-- wp:group --><\/p>\n<div class=\"wp-block-group\">\n<div class=\"wp-block-group__inner-container\">\n<p><!-- wp:separator --><\/p>\n<hr class=\"wp-block-separator\" \/>\n<p><!-- \/wp:separator --><\/p>\n<\/div>\n<\/div>\n<p><!-- \/wp:group --><!-- wp:paragraph --><\/p>\n<p>Geb\u00fcndelte Kernkompetenzen sorgen f\u00fcr zufriedene Kunden rundum Ihre Immobile!<\/p>\n<p><!-- \/wp:paragraph --><!-- wp:columns --><\/p>\n<div class=\"wp-block-columns\">\n<p><!-- wp:column --><\/p>\n<div class=\"wp-block-column\">\n<p><!-- wp:heading {\"level\":5,\"style\":{\"typography\":{\"fontSize\":14}}} --><\/p>\n<h5 style=\"font-size: 14px;\"><em>&#8222;Zuverl\u00e4ssig, zeitliche Angaben immer eingehalten, gutes verst\u00e4ndliches Dossier.&#8220;<\/em><\/h5>\n<p><!-- \/wp:heading --><!-- wp:heading {\"level\":6,\"style\":{\"typography\":{\"fontSize\":10}}} --><\/p>\n<h6 style=\"font-size: 10px;\">Marianne M., Schleswig-Holstein<\/h6>\n<p><!-- \/wp:heading --><\/p>\n<\/div>\n<p><!-- \/wp:column --><!-- wp:column --><\/p>\n<div class=\"wp-block-column\">\n<p><!-- wp:heading {\"level\":5,\"style\":{\"typography\":{\"fontSize\":14}}} --><\/p>\n<h5 style=\"font-size: 14px;\"><em>&#8222;Sehr gute und seri\u00f6se Beratung. Auf jeden Fall weiter zu empfehlen.&#8220;<\/em><\/h5>\n<p><!-- \/wp:heading --><!-- wp:heading {\"level\":6,\"style\":{\"typography\":{\"fontSize\":10}}} --><\/p>\n<h6 style=\"font-size: 10px;\">Gerhard P., Schleswig-Holstein<\/h6>\n<p><!-- \/wp:heading --><\/p>\n<\/div>\n<p><!-- \/wp:column --><\/p>\n<\/div>\n<p><!-- \/wp:columns --><!-- wp:heading {\"level\":5,\"style\":{\"typography\":{\"fontSize\":14}}} --><\/p>\n<h5 style=\"font-size: 14px;\"><em>&#8222;Die telefonische Beratung von Herr St\u00fchmer war sehr informativ. Meine Anfrage bezog sich auf die Wertermittlung eines Grundst\u00fcckes. Er hat sorgf\u00e4ltig und verst\u00e4ndlich die Bewertungskriterien erl\u00e4utert sich bei der Bauaufsicht erkundigt. Wir haben schnell ein klares Expos\u00e9 erhalten. F\u00fcr den Fall des Verkaufes \u00fcber die Kalkulation m\u00f6glicher Bautr\u00e4ger. Ich habe erkannt, dass der Preis eines Grundst\u00fcckes nicht nur von der Gr\u00f6\u00dfe und dem Bodenrichtwert abh\u00e4ngt, sondern das weitere andere Gesichtspunkte ma\u00dfgeblich sind. Ich h\u00e4tte nicht erwartet, dass eine simple Anfrage auf einer Internetseite mir derart ausf\u00fchrliche Information und Beratung zukommen l\u00e4sst! Ich bin hoch zufrieden und kann Sie nur weiterempfehlen<\/em>.<em>&#8222;<\/em><\/h5>\n<p><!-- \/wp:heading --><!-- wp:heading {\"level\":5,\"style\":{\"typography\":{\"fontSize\":10}}} --><\/p>\n<h5 style=\"font-size: 10px;\">Peter H., Schleswig<\/h5>\n<p><!-- \/wp:heading --><!-- wp:paragraph --><\/p>\n<p><!-- \/wp:paragraph --><!-- wp:separator --><\/p>\n<hr class=\"wp-block-separator\" \/>\n<p><!-- \/wp:separator --><\/p><\/div>\n\t\t\t\t<\/div>\n\t\t\t\t<\/div>\n\t\t\t\t\t<\/div>\n\t\t<\/div>\n\t\t\t\t\t\t\t<\/div>\n\t\t<\/section>\n\t\t\t\t\t\t<\/div>\n\t\t\t\t\t<\/div>\n\t\t","protected":false},"excerpt":{"rendered":"<p>Zertifizierter IHK Wohnimmobilienverwalter nach \u00a7 34c GeWO Ihr Profi f\u00fcr Haus und Garten &#8211; rund um Betreuung &#8211; Verwaltung &#8211;Instandhaltung &#8211; Service! Hausverwaltung Ihre Immobilie liegt uns am Herzen. Daf\u00fcr tun wir alles!\u00a0Nach wie vor &hellip; <a href=\"https:\/\/hausteam.net\/\">Weiterlesen &rarr;<\/a><\/p>\n","protected":false},"author":1,"featured_media":0,"parent":0,"menu_order":0,"comment_status":"closed","ping_status":"open","template":"","meta":[],"_links":{"self":[{"href":"https:\/\/hausteam.net\/index.php?rest_route=\/wp\/v2\/pages\/2"}],"collection":[{"href":"https:\/\/hausteam.net\/index.php?rest_route=\/wp\/v2\/pages"}],"about":[{"href":"https:\/\/hausteam.net\/index.php?rest_route=\/wp\/v2\/types\/page"}],"author":[{"embeddable":true,"href":"https:\/\/hausteam.net\/index.php?rest_route=\/wp\/v2\/users\/1"}],"replies":[{"embeddable":true,"href":"https:\/\/hausteam.net\/index.php?rest_route=%2Fwp%2Fv2%2Fcomments&post=2"}],"version-history":[{"count":78,"href":"https:\/\/hausteam.net\/index.php?rest_route=\/wp\/v2\/pages\/2\/revisions"}],"predecessor-version":[{"id":375,"href":"https:\/\/hausteam.net\/index.php?rest_route=\/wp\/v2\/pages\/2\/revisions\/375"}],"wp:attachment":[{"href":"https:\/\/hausteam.net\/index.php?rest_route=%2Fwp%2Fv2%2Fmedia&parent=2"}],"curies":[{"name":"wp","href":"https:\/\/api.w.org\/{rel}","templated":true}]}}