{"id":140,"date":"2021-02-12T21:40:34","date_gmt":"2021-02-12T21:40:34","guid":{"rendered":"https:\/\/hausteam.net\/?page_id=140"},"modified":"2021-03-27T13:25:36","modified_gmt":"2021-03-27T13:25:36","slug":"wer-sind-wir","status":"publish","type":"page","link":"https:\/\/hausteam.net\/?page_id=140","title":{"rendered":"Wer sind wir"},"content":{"rendered":"\n<hr class=\"wp-block-separator\"\/>\n\n\n\n<div class=\"wp-block-group\"><div class=\"wp-block-group__inner-container\">\n<h2 class=\"has-large-font-size\"><span style=\"color:#e30713\" class=\"has-inline-color\"><strong>Betreung. Verwaltung. Instandhaltung. Service.<\/strong><\/span><br>Wenn es um Ihre Immobilie geht &#8211; ein starker Partner an Ihrer Seite.<\/h2>\n\n\n\n<p style=\"font-size:14px\">Die ganzheitliche Bewirtschaftung und Entwicklung von Ihrer Immobilie ist unsere St\u00e4rke und Kompetenz von HauSTeam. Ob Immobilienberater, Handwerker oder Hausverwalter \u2013 durch unsere spezialisierten Partner, mit gro\u00dfer Expertise in ihren Fachdisziplinen, gew\u00e4hrleisten wir ein professionelles Objektmanagement und sind daher als Komplettanbieter f\u00fcr wohnungsnahen Service in Schleswig, Angeln und Umgebung zu Hause.<\/p>\n\n\n\n<p class=\"has-text-color has-normal-font-size\" style=\"color:#e30713\">Wir machen mehr aus Ihrer Immobilie!<\/p>\n\n\n\n<p style=\"font-size:14px\">Aktuell betreuen wir einen Gesamtobjektbestand von rund 50 Einheiten. Zu unseren Kunden z\u00e4hlen in erster Linie Privatpersonen. Die N\u00e4he zu unseren Kunden ist uns ein gro\u00dfes Anliegen. Der pers\u00f6nliche Kontakt und die individuelle L\u00f6sung und Beratung ist sehr wichtig.<\/p>\n\n\n\n<p class=\"has-text-color has-normal-font-size\" style=\"color:#e30713\">Service aus einer Hand!<\/p>\n\n\n\n<p style=\"font-size:14px\">Mit der handwerklichen Kompetenz und St\u00e4rke von einem umfangreichen Netzwerk an Innungsbetrieben und Handwerksmeistern in verschiedensten Gewerken sind wir Ihr kompetenter und zuverl\u00e4ssiger Partner. Das Know-How bildet die Basis unseres Objektmanagements. Mit unserem Service aus einer Hand bieten wir die M\u00f6glichkeit, die Entwicklung und Sanierung von Immobilien zentral zu steuern und umzusetzen. K\u00f6nnen wir Leistung nicht selbst ausf\u00fchren, haben wir zertifizierte Partner, mit denen dies m\u00f6glich ist. Ihr Vorteil \u2013 <strong>Sie haben nur HauSTeam als Ansprechpartner!<\/strong><\/p>\n\n\n\n<p><\/p>\n<\/div><\/div>\n\n\n\n<figure class=\"wp-block-gallery alignwide columns-3 is-cropped\"><ul class=\"blocks-gallery-grid\"><li class=\"blocks-gallery-item\"><figure><img loading=\"lazy\" width=\"1024\" height=\"768\" src=\"https:\/\/hausteam.net\/wp-content\/uploads\/2021\/02\/image0-1-1024x768.jpeg\" alt=\"\" data-id=\"106\" data-link=\"https:\/\/hausteam.net\/?attachment_id=106\" class=\"wp-image-106\" srcset=\"https:\/\/hausteam.net\/wp-content\/uploads\/2021\/02\/image0-1-1024x768.jpeg 1024w, https:\/\/hausteam.net\/wp-content\/uploads\/2021\/02\/image0-1-300x225.jpeg 300w, https:\/\/hausteam.net\/wp-content\/uploads\/2021\/02\/image0-1-768x576.jpeg 768w, https:\/\/hausteam.net\/wp-content\/uploads\/2021\/02\/image0-1-1536x1152.jpeg 1536w, https:\/\/hausteam.net\/wp-content\/uploads\/2021\/02\/image0-1.jpeg 2016w\" sizes=\"(max-width: 1024px) 100vw, 1024px\" \/><\/figure><\/li><li class=\"blocks-gallery-item\"><figure><img loading=\"lazy\" width=\"1024\" height=\"768\" src=\"https:\/\/hausteam.net\/wp-content\/uploads\/2021\/02\/image1-1-1024x768.jpeg\" alt=\"\" data-id=\"107\" data-link=\"https:\/\/hausteam.net\/?attachment_id=107\" class=\"wp-image-107\" srcset=\"https:\/\/hausteam.net\/wp-content\/uploads\/2021\/02\/image1-1-1024x768.jpeg 1024w, https:\/\/hausteam.net\/wp-content\/uploads\/2021\/02\/image1-1-300x225.jpeg 300w, https:\/\/hausteam.net\/wp-content\/uploads\/2021\/02\/image1-1-768x576.jpeg 768w, https:\/\/hausteam.net\/wp-content\/uploads\/2021\/02\/image1-1-1536x1152.jpeg 1536w, https:\/\/hausteam.net\/wp-content\/uploads\/2021\/02\/image1-1.jpeg 2016w\" sizes=\"(max-width: 1024px) 100vw, 1024px\" \/><\/figure><\/li><li class=\"blocks-gallery-item\"><figure><img loading=\"lazy\" width=\"1024\" height=\"768\" src=\"https:\/\/hausteam.net\/wp-content\/uploads\/2021\/02\/image2-1-1024x768.jpeg\" alt=\"\" data-id=\"108\" data-link=\"https:\/\/hausteam.net\/?attachment_id=108\" class=\"wp-image-108\" srcset=\"https:\/\/hausteam.net\/wp-content\/uploads\/2021\/02\/image2-1-1024x768.jpeg 1024w, https:\/\/hausteam.net\/wp-content\/uploads\/2021\/02\/image2-1-300x225.jpeg 300w, https:\/\/hausteam.net\/wp-content\/uploads\/2021\/02\/image2-1-768x576.jpeg 768w, https:\/\/hausteam.net\/wp-content\/uploads\/2021\/02\/image2-1-1536x1152.jpeg 1536w, https:\/\/hausteam.net\/wp-content\/uploads\/2021\/02\/image2-1.jpeg 2016w\" sizes=\"(max-width: 1024px) 100vw, 1024px\" \/><\/figure><\/li><li class=\"blocks-gallery-item\"><figure><img loading=\"lazy\" width=\"1024\" height=\"768\" src=\"https:\/\/hausteam.net\/wp-content\/uploads\/2021\/02\/image3-1-1024x768.jpeg\" alt=\"\" data-id=\"109\" data-link=\"https:\/\/hausteam.net\/?attachment_id=109\" class=\"wp-image-109\" srcset=\"https:\/\/hausteam.net\/wp-content\/uploads\/2021\/02\/image3-1-1024x768.jpeg 1024w, https:\/\/hausteam.net\/wp-content\/uploads\/2021\/02\/image3-1-300x225.jpeg 300w, https:\/\/hausteam.net\/wp-content\/uploads\/2021\/02\/image3-1-768x576.jpeg 768w, https:\/\/hausteam.net\/wp-content\/uploads\/2021\/02\/image3-1-1536x1152.jpeg 1536w, https:\/\/hausteam.net\/wp-content\/uploads\/2021\/02\/image3-1.jpeg 2016w\" sizes=\"(max-width: 1024px) 100vw, 1024px\" \/><\/figure><\/li><li class=\"blocks-gallery-item\"><figure><img loading=\"lazy\" width=\"1024\" height=\"768\" src=\"https:\/\/hausteam.net\/wp-content\/uploads\/2021\/02\/image4-1-1024x768.jpeg\" alt=\"\" data-id=\"110\" data-link=\"https:\/\/hausteam.net\/?attachment_id=110\" class=\"wp-image-110\" srcset=\"https:\/\/hausteam.net\/wp-content\/uploads\/2021\/02\/image4-1-1024x768.jpeg 1024w, https:\/\/hausteam.net\/wp-content\/uploads\/2021\/02\/image4-1-300x225.jpeg 300w, https:\/\/hausteam.net\/wp-content\/uploads\/2021\/02\/image4-1-768x576.jpeg 768w, https:\/\/hausteam.net\/wp-content\/uploads\/2021\/02\/image4-1.jpeg 1280w\" sizes=\"(max-width: 1024px) 100vw, 1024px\" \/><\/figure><\/li><li class=\"blocks-gallery-item\"><figure><img loading=\"lazy\" width=\"1024\" height=\"768\" src=\"https:\/\/hausteam.net\/wp-content\/uploads\/2021\/02\/image5-1-1024x768.jpeg\" alt=\"\" data-id=\"111\" data-link=\"https:\/\/hausteam.net\/?attachment_id=111\" class=\"wp-image-111\" srcset=\"https:\/\/hausteam.net\/wp-content\/uploads\/2021\/02\/image5-1-1024x768.jpeg 1024w, https:\/\/hausteam.net\/wp-content\/uploads\/2021\/02\/image5-1-300x225.jpeg 300w, https:\/\/hausteam.net\/wp-content\/uploads\/2021\/02\/image5-1-768x576.jpeg 768w, https:\/\/hausteam.net\/wp-content\/uploads\/2021\/02\/image5-1-1536x1152.jpeg 1536w, https:\/\/hausteam.net\/wp-content\/uploads\/2021\/02\/image5-1.jpeg 2016w\" sizes=\"(max-width: 1024px) 100vw, 1024px\" \/><\/figure><\/li><li class=\"blocks-gallery-item\"><figure><img loading=\"lazy\" width=\"640\" height=\"480\" src=\"https:\/\/hausteam.net\/wp-content\/uploads\/2021\/03\/image001-2.jpg\" alt=\"\" data-id=\"315\" data-full-url=\"https:\/\/hausteam.net\/wp-content\/uploads\/2021\/03\/image001-2.jpg\" data-link=\"https:\/\/hausteam.net\/?attachment_id=315\" class=\"wp-image-315\" srcset=\"https:\/\/hausteam.net\/wp-content\/uploads\/2021\/03\/image001-2.jpg 640w, https:\/\/hausteam.net\/wp-content\/uploads\/2021\/03\/image001-2-300x225.jpg 300w\" sizes=\"(max-width: 640px) 100vw, 640px\" \/><\/figure><\/li><\/ul><\/figure>\n\n\n\n<p class=\"has-text-color\" style=\"color:#e30713\">Erfahrung und Zuverl\u00e4ssigkeit!<br><strong>Vermietung: Freundlich &amp; kompetent<\/strong>.<\/p>\n\n\n\n<p style=\"font-size:14px\">Wir bringen Mieter und Wohnraum zusammen! Selbstverst\u00e4ndlich auch f\u00fcr Ihre Gewerbeobjekte. Mit Erfahrung, moderner Technik und freundlicher Kompetenz bewirbt HauSTeam Ihr Objekt und ber\u00e4t Sie bereits im Vorfeld hinsichtlich Mietertr\u00e4ge, m\u00f6glichen Anforderungen und Kunden. Ferner ber\u00fccksichtigen wir mit aktuellen Mietvertr\u00e4gen unseres Partners \u201eHaus &amp; Grund\u201c die Rahmenbedingungen und schaffen mit ausf\u00fchrlichen Protokollen bei \u00dcbergabe und Abnahme eine objektive Basis, insbesondere im Hinblick auf Ausstattungen, m\u00f6gliche Sch\u00f6nheitsreparaturen etc.<\/p>\n\n\n\n<p style=\"font-size:14px\"><strong>Sprechen Sie uns gern unverbindlich an!<\/strong><\/p>\n\n\n\n<p style=\"font-size:14px\">\u00b7 Beratung zum Mietertrag, Nebenkosten etc. im Vorfeld<br>\u00b7 Individuelle Termine<br>\u00b7 Angepasste, individuelle Mietvertr\u00e4ge<br>\u00b7 Umfassende Protokolle (iPad) mit Foto-Dokumentation f\u00fcr Vermieter und Mieter<br>\u00b7 Beratung und Planung von Modernisierungen und Sanierung<\/p>\n\n\n\n<p style=\"font-size:14px\"><strong>Wir setzen Ihr Objekt in Szene!<\/strong><\/p>\n\n\n\n<p style=\"font-size:14px\">Wir erm\u00f6glichen mit moderner Technik eine Online-Besichtigung der Immobilie. Bereits in der Anzeige auf den bekannten Immobilien-Portalen besitzen Interessenten die M\u00f6glichkeit, sich im Objekt &#8222;umzusehen&#8220;.<\/p>\n","protected":false},"excerpt":{"rendered":"<p>Erfahrung und Zuverl\u00e4ssigkeit!Vermietung: Freundlich &amp; kompetent. Wir bringen Mieter und Wohnraum zusammen! Selbstverst\u00e4ndlich auch f\u00fcr Ihre Gewerbeobjekte. Mit Erfahrung, moderner Technik und freundlicher Kompetenz bewirbt HauSTeam Ihr Objekt und ber\u00e4t Sie bereits im Vorfeld hinsichtlich &hellip; <a href=\"https:\/\/hausteam.net\/?page_id=140\">Weiterlesen &rarr;<\/a><\/p>\n","protected":false},"author":2,"featured_media":0,"parent":0,"menu_order":0,"comment_status":"closed","ping_status":"closed","template":"","meta":[],"_links":{"self":[{"href":"https:\/\/hausteam.net\/index.php?rest_route=\/wp\/v2\/pages\/140"}],"collection":[{"href":"https:\/\/hausteam.net\/index.php?rest_route=\/wp\/v2\/pages"}],"about":[{"href":"https:\/\/hausteam.net\/index.php?rest_route=\/wp\/v2\/types\/page"}],"author":[{"embeddable":true,"href":"https:\/\/hausteam.net\/index.php?rest_route=\/wp\/v2\/users\/2"}],"replies":[{"embeddable":true,"href":"https:\/\/hausteam.net\/index.php?rest_route=%2Fwp%2Fv2%2Fcomments&post=140"}],"version-history":[{"count":11,"href":"https:\/\/hausteam.net\/index.php?rest_route=\/wp\/v2\/pages\/140\/revisions"}],"predecessor-version":[{"id":316,"href":"https:\/\/hausteam.net\/index.php?rest_route=\/wp\/v2\/pages\/140\/revisions\/316"}],"wp:attachment":[{"href":"https:\/\/hausteam.net\/index.php?rest_route=%2Fwp%2Fv2%2Fmedia&parent=140"}],"curies":[{"name":"wp","href":"https:\/\/api.w.org\/{rel}","templated":true}]}}