{"id":121,"date":"2021-02-12T21:18:25","date_gmt":"2021-02-12T21:18:25","guid":{"rendered":"https:\/\/hausteam.net\/?page_id=121"},"modified":"2021-08-10T18:56:11","modified_gmt":"2021-08-10T18:56:11","slug":"angebote","status":"publish","type":"page","link":"https:\/\/hausteam.net\/?page_id=121","title":{"rendered":"Aktuelle Angebote"},"content":{"rendered":"\n<div class=\"wp-block-group\"><div class=\"wp-block-group__inner-container\">\n<figure class=\"wp-block-image size-large is-resized\"><img loading=\"lazy\" src=\"https:\/\/hausteam.net\/wp-content\/uploads\/2021\/02\/icon-Angebote.png\" alt=\"Angebote\" class=\"wp-image-36\" width=\"103\" height=\"103\"\/><\/figure>\n\n\n\n<h2 class=\"has-large-font-size\"><strong><span style=\"color:#e30713\" class=\"has-inline-color\">Vermietungsangebote.<\/span><\/strong><br>Auf der Suche nach einer Wohnung oder Immobilie zur Miete?<\/h2>\n\n\n\n<p><strong>Hier finden Sie unsere aktuellen Vermietungsanbote. Gern finden wir auch f\u00fcr Ihre Immobilien Mieter.<\/strong> Sie suchen einen neue Wohnung oder Immobilie zur Miete?<\/p>\n\n\n\n<p>Nachfolgend finden Sie unsere aktuellen Vermietungsangebote finden Sie direkt unter diesen <a rel=\"noreferrer noopener\" href=\"https:\/\/www.ebay-kleinanzeigen.de\/s-anzeige\/reihenhaus-3-zimmer-garten-stellplatz-neubau\/1676941544-203-534?utm_source=mail&amp;utm_campaign=socialbuttons&amp;utm_medium=social&amp;utm_content=app_ios\" target=\"_blank\">Angeboten<\/a>.<\/p>\n\n\n\n<p>Von Bewerbern f\u00fcr eine Mietwohnung ben\u00f6tigen wir einige Angaben. Hierf\u00fcr bitten wir Sie folgende Formulare herunterzuladen, \u00fcber die digitalen Formularfelder am Rechner auszuf\u00fcllen und analog oder digital unterschrieben bei uns einzureichen:<\/p>\n\n\n\n<p><a href=\"https:\/\/hausteam.net\/wp-content\/uploads\/2021\/05\/HauSTeam_Selbstauskunft_Onlineformular.pdf\" target=\"_blank\" rel=\"noreferrer noopener\">Selbstauskunft (PDF)<\/a> <\/p>\n\n\n\n<p style=\"font-size:10px\">Datenschutzbelehrung: Wir ben\u00f6tigen Ihre Angaben aus der Selbstauskunft, um diese in den Mietvertrag zu \u00fcbernehmen und eine Bonit\u00e4tsanfrage zu t\u00e4tigen. Ihre Daten werden nicht an Unbefugte weitergegeben. Sie erhalten von uns keine unerw\u00fcnschten E-Mails.<\/p>\n<\/div><\/div>\n","protected":false},"excerpt":{"rendered":"","protected":false},"author":2,"featured_media":0,"parent":0,"menu_order":0,"comment_status":"closed","ping_status":"closed","template":"","meta":[],"_links":{"self":[{"href":"https:\/\/hausteam.net\/index.php?rest_route=\/wp\/v2\/pages\/121"}],"collection":[{"href":"https:\/\/hausteam.net\/index.php?rest_route=\/wp\/v2\/pages"}],"about":[{"href":"https:\/\/hausteam.net\/index.php?rest_route=\/wp\/v2\/types\/page"}],"author":[{"embeddable":true,"href":"https:\/\/hausteam.net\/index.php?rest_route=\/wp\/v2\/users\/2"}],"replies":[{"embeddable":true,"href":"https:\/\/hausteam.net\/index.php?rest_route=%2Fwp%2Fv2%2Fcomments&post=121"}],"version-history":[{"count":9,"href":"https:\/\/hausteam.net\/index.php?rest_route=\/wp\/v2\/pages\/121\/revisions"}],"predecessor-version":[{"id":411,"href":"https:\/\/hausteam.net\/index.php?rest_route=\/wp\/v2\/pages\/121\/revisions\/411"}],"wp:attachment":[{"href":"https:\/\/hausteam.net\/index.php?rest_route=%2Fwp%2Fv2%2Fmedia&parent=121"}],"curies":[{"name":"wp","href":"https:\/\/api.w.org\/{rel}","templated":true}]}}