{"id":119,"date":"2021-02-12T21:16:24","date_gmt":"2021-02-12T21:16:24","guid":{"rendered":"https:\/\/hausteam.net\/?page_id=119"},"modified":"2021-05-02T09:52:17","modified_gmt":"2021-05-02T09:52:17","slug":"immobilienbewertung","status":"publish","type":"page","link":"https:\/\/hausteam.net\/?page_id=119","title":{"rendered":"Immobiliendienstleistung"},"content":{"rendered":"\n<hr class=\"wp-block-separator\"\/>\n\n\n\n<p><\/p>\n\n\n\n<div class=\"wp-block-group\"><div class=\"wp-block-group__inner-container\">\n<figure class=\"wp-block-image size-large is-resized\"><img loading=\"lazy\" src=\"https:\/\/hausteam.net\/wp-content\/uploads\/2021\/02\/icon-Bewertung.png\" alt=\"Immobilienbewertung\" class=\"wp-image-26\" width=\"105\" height=\"105\"\/><\/figure>\n\n\n\n<h2 class=\"has-large-font-size\"><strong><span style=\"color:#e30713\" class=\"has-inline-color\">Wir k\u00f6nnen mehr!<\/span><\/strong><br>Wir begleiten Ihre Immobilie ein (Immobilien-) Leben lang.<\/h2>\n\n\n\n<figure class=\"wp-block-image size-large is-style-default\"><img loading=\"lazy\" width=\"1024\" height=\"587\" src=\"https:\/\/hausteam.net\/wp-content\/uploads\/2021\/03\/immobilienbewertung-1024x587.jpg\" alt=\"Immobilienbewertung\" class=\"wp-image-278\" srcset=\"https:\/\/hausteam.net\/wp-content\/uploads\/2021\/03\/immobilienbewertung-1024x587.jpg 1024w, https:\/\/hausteam.net\/wp-content\/uploads\/2021\/03\/immobilienbewertung-300x172.jpg 300w, https:\/\/hausteam.net\/wp-content\/uploads\/2021\/03\/immobilienbewertung-768x441.jpg 768w, https:\/\/hausteam.net\/wp-content\/uploads\/2021\/03\/immobilienbewertung-1536x881.jpg 1536w, https:\/\/hausteam.net\/wp-content\/uploads\/2021\/03\/immobilienbewertung-2048x1175.jpg 2048w\" sizes=\"(max-width: 1024px) 100vw, 1024px\" \/><\/figure>\n\n\n\n<p style=\"font-size:14px\"><strong>Als unsere Kernkompetenz sehen wir die Begleitung von Immobilien in der Gesamtheit des <\/strong><br><strong>Lebenszyklus. <\/strong>In der Planungsphase beginnend, bis hin zur richtigen Verwertungsstrategie, bieten wir den Eigent\u00fcmern eine umfassende Beratung und Betreuung nach seinen Vorstellungen.<\/p>\n\n\n\n<p class=\"has-text-color has-normal-font-size\" style=\"color:#e30713\">Aktive Planung, Steuerung, Umsetzung und Kontrolle von s\u00e4mtlichen,<br>wertbeeinflussenden Ma\u00dfnahmen<\/p>\n\n\n\n<p style=\"font-size:14px\">Die Investition in ein Geb\u00e4ude ist langfristig und soll daher gut \u00fcberlegt sein. Standort, Nachfrage, Wirtschaftlichkeit, Bauart usw. sind vor der Entscheidung in eine Investition zu bewerten. Ist die Entscheidung f\u00fcr den Bau oder Kauf getroffen, ben\u00f6tigt der Bauherr Handwerker, eine Projektsteuerung oder auch eine Bauherrenvertretung. Auch diese Dienstleistung k\u00f6nnen wir Ihnen anbieten. Leben zieht mit den ersten Mietern oder Eigent\u00fcmern ein. Die Vermietung, Mieterbetreuung, Mietinkasso, Forderungsmanagement \u2013 kurzum das Management \u2013 sind in dieser Phase entscheidend und eines unserer Steckenpferde.<\/p>\n\n\n\n<p style=\"font-size:14px\">Mit den Jahren wird auch eine Immobilie ihren Lebenshorizont erreichen und die Entscheidung ist zu treffen, ob eine Modernisierung oder auch ein Verkauf die sinnvollste Verwertungsalternative sind. Hierbei bieten wir Ihnen eine kompetente und umfangreiche Wertermittlung samt Entscheidungshilfe an.<\/p>\n\n\n\n<p style=\"font-size:14px\">Das strategische Portfoliomanagement f\u00fcr Ihre Immobilie ist daher der Kern der Beratungsdienstleistung. Wir orientieren uns an Ihren Anforderungen wie z. B. Rendite, Werterhalt und\/oder -entwicklung und Verwertungskonzepten. Dazu z\u00e4hlen auch die Bewertung von Standorten und die technische Bewertung des Geb\u00e4udes. Nur so wissen Sie, welche Investition Sie in Zukunft zu erwarten haben und wie diese sinnvoll gesteuert werden kann. Eine Ma\u00dfnahmenb\u00fcndelung und die gezielte Investition f\u00fchren dazu, dass nicht nur F\u00f6rderprogramme genutzt, sondern auch Investitionen aktivierungsf\u00e4hig gestaltet werden k\u00f6nnen.<\/p>\n\n\n\n<p style=\"font-size:14px\"><strong>Unsere ganzheitliche Dienstleistung erstreckt sich \u00fcber den gesamten Lebenszyklus einer Immobilie.<\/strong><\/p>\n\n\n\n<p class=\"has-text-color has-normal-font-size\" style=\"color:#e30713\">Bautrocknungsger\u00e4te<\/p>\n\n\n\n<p style=\"font-size:14px\">Unsere professionellen Ger\u00e4tschaften vermieten wir unseren Kunden zu fairen Preisen. Sie k\u00f6nnen sich die Trockner abholen oder liefern lassen. Selbstverst\u00e4ndlich helfen wir bei dem fachgerechten Aufbau und geben Ihnen eine Einweisung in die Bedienung.<\/p>\n\n\n\n<p class=\"has-text-color\" style=\"color:#e30713\">Sprechen Sie uns an:<\/p>\n\n\n\n<p style=\"font-size:14px\"><strong><strong>Immobilienverwaltung HauSTeam<\/strong><\/strong><br>Kim St\u00fchmer<br>Telefon (04622) 328 99 89<br><a rel=\"noreferrer noopener\" href=\"mailto:info@hausteam.net\" target=\"_blank\">info[at]hausteam.net<\/a><\/p>\n<\/div><\/div>\n","protected":false},"excerpt":{"rendered":"","protected":false},"author":2,"featured_media":0,"parent":0,"menu_order":0,"comment_status":"closed","ping_status":"closed","template":"","meta":[],"_links":{"self":[{"href":"https:\/\/hausteam.net\/index.php?rest_route=\/wp\/v2\/pages\/119"}],"collection":[{"href":"https:\/\/hausteam.net\/index.php?rest_route=\/wp\/v2\/pages"}],"about":[{"href":"https:\/\/hausteam.net\/index.php?rest_route=\/wp\/v2\/types\/page"}],"author":[{"embeddable":true,"href":"https:\/\/hausteam.net\/index.php?rest_route=\/wp\/v2\/users\/2"}],"replies":[{"embeddable":true,"href":"https:\/\/hausteam.net\/index.php?rest_route=%2Fwp%2Fv2%2Fcomments&post=119"}],"version-history":[{"count":14,"href":"https:\/\/hausteam.net\/index.php?rest_route=\/wp\/v2\/pages\/119\/revisions"}],"predecessor-version":[{"id":401,"href":"https:\/\/hausteam.net\/index.php?rest_route=\/wp\/v2\/pages\/119\/revisions\/401"}],"wp:attachment":[{"href":"https:\/\/hausteam.net\/index.php?rest_route=%2Fwp%2Fv2%2Fmedia&parent=119"}],"curies":[{"name":"wp","href":"https:\/\/api.w.org\/{rel}","templated":true}]}}