{"id":117,"date":"2021-02-12T21:14:32","date_gmt":"2021-02-12T21:14:32","guid":{"rendered":"https:\/\/hausteam.net\/?page_id=117"},"modified":"2021-05-02T09:52:46","modified_gmt":"2021-05-02T09:52:46","slug":"handwerkerservice","status":"publish","type":"page","link":"https:\/\/hausteam.net\/?page_id=117","title":{"rendered":"Handwerkerservice"},"content":{"rendered":"\n<hr class=\"wp-block-separator\"\/>\n\n\n\n<p><\/p>\n\n\n\n<div class=\"wp-block-group\"><div class=\"wp-block-group__inner-container\">\n<figure class=\"wp-block-image size-large is-resized is-style-default\"><img loading=\"lazy\" src=\"https:\/\/hausteam.net\/wp-content\/uploads\/2021\/02\/icon-handwerker.png\" alt=\"Handwerkerservice\" class=\"wp-image-34\" width=\"104\" height=\"104\"\/><\/figure>\n\n\n\n<h2 class=\"has-large-font-size\"><strong><span style=\"color:#e30713\" class=\"has-inline-color\">Mehr als nur Handwerk.<\/span><\/strong><br>Wir bieten direkt den <br>freundlichen Service dazu.<\/h2>\n\n\n\n<figure class=\"wp-block-image size-large is-style-default\"><img loading=\"lazy\" width=\"1024\" height=\"678\" src=\"https:\/\/hausteam.net\/wp-content\/uploads\/2021\/03\/sanitaer-1024x678.jpg\" alt=\"\" class=\"wp-image-269\" srcset=\"https:\/\/hausteam.net\/wp-content\/uploads\/2021\/03\/sanitaer-1024x678.jpg 1024w, https:\/\/hausteam.net\/wp-content\/uploads\/2021\/03\/sanitaer-300x199.jpg 300w, https:\/\/hausteam.net\/wp-content\/uploads\/2021\/03\/sanitaer-768x509.jpg 768w, https:\/\/hausteam.net\/wp-content\/uploads\/2021\/03\/sanitaer-1536x1018.jpg 1536w, https:\/\/hausteam.net\/wp-content\/uploads\/2021\/03\/sanitaer-2048x1357.jpg 2048w\" sizes=\"(max-width: 1024px) 100vw, 1024px\" \/><\/figure>\n<\/div><\/div>\n\n\n\n<p style=\"font-size:14px\">Unsere freundlichen Hausmeister sind ausgebildete Handwerker und bieten Ihnen alle klassischen Dienstleistungen in diesem Segment an. Selbstverst\u00e4ndlich geh\u00f6rt dazu auch die \u00dcbernahme der Verkehrssicherungspflicht. Ausgestattet mit moderner Technik sorgen wir daf\u00fcr, dass von Ihrer Immobilie keine Gefahr ausgeht.<\/p>\n\n\n\n<p class=\"has-text-color has-normal-font-size\" style=\"color:#e30713\">Winterdienst<\/p>\n\n\n\n<p style=\"font-size:14px\">Unsere Partnerunternehmen \u00fcbernehmen f\u00fcr Sie im Winter den Streu- und R\u00e4umdienst auf Gehwegen, Hauszug\u00e4ngen, Parkpl\u00e4tzen etc. und die Beseitigung unmittelbarer Gefahren, wie sie z. B. durch die Bildung von Eiszapfen entstehen k\u00f6nnen.<\/p>\n\n\n\n<p class=\"has-text-color has-normal-font-size\" style=\"color:#e30713\">Gartenservice<\/p>\n\n\n\n<p style=\"font-size:14px\">Ausgebildete Garten- und Landschaftsbauer, sowie gelernte G\u00e4rtner \u2013 wir k\u00fcmmern uns mit Fachbetrieben um Ihre Gr\u00fcnfl\u00e4chen und Au\u00dfenanlagen und leisten somit einen Beitrag f\u00fcr ein ansprechendes Erscheinungsbild Ihrer Immobilie.<\/p>\n\n\n\n<p class=\"has-text-color has-normal-font-size\" style=\"color:#e30713\">Elektroarbeiten<\/p>\n\n\n\n<p style=\"font-size:14px\">Ohne Strom ist ein Alltag nicht mehr vorstellbar.<\/p>\n\n\n\n<p style=\"font-size:14px\">F\u00fcr die Neuinstallation, Reparatur oder Installationserweiterung halten wir qualifizierte Fachfirmen, die auch kurzfristig in unserem Verbund f\u00fcr Sie bereitstehen.<\/p>\n\n\n\n<p class=\"has-text-color has-normal-font-size\" style=\"color:#e30713\">Heizung-Sanit\u00e4r<\/p>\n\n\n\n<p style=\"font-size:14px\">Was passiert, wenn die Heizung ausf\u00e4llt oder ein Wasserrohr bricht?<\/p>\n\n\n\n<p style=\"font-size:14px\">Sie ben\u00f6tigen einen qualifizierten Monteur! Auch hier ist HauSTeam der richtige Ansprechpartner f\u00fcr Sie. Wir haben exklusive Leistungen bei Innungsbetrieben, die sich um Ihre Wertanlage k\u00fcmmern und im Schadensfall schnell reagieren. Bei Modernisierungen k\u00f6nnen wir das komplette Leistungsangebot darstellen und Ihnen alles aus einer Hand anbieten.<\/p>\n\n\n\n<p class=\"has-text-color has-normal-font-size\" style=\"color:#e30713\">Bautrockner<\/p>\n\n\n\n<p style=\"font-size:14px\">Bei uns k\u00f6nnen Sie Ger\u00e4te mieten!<\/p>\n\n\n\n<p class=\"has-text-color\" style=\"color:#e30713\">Sprechen Sie uns an:<\/p>\n\n\n\n<p style=\"font-size:14px\"><strong><strong>Immobilienverwaltung HauSTeam<\/strong><\/strong><br>Kim St\u00fchmer<br>Telefon (04622) 328 99 89<br><a rel=\"noreferrer noopener\" href=\"mailto:info@hausteam.net\" target=\"_blank\">info[at]hausteam.net<\/a><\/p>\n","protected":false},"excerpt":{"rendered":"<p>Unsere freundlichen Hausmeister sind ausgebildete Handwerker und bieten Ihnen alle klassischen Dienstleistungen in diesem Segment an. Selbstverst\u00e4ndlich geh\u00f6rt dazu auch die \u00dcbernahme der Verkehrssicherungspflicht. Ausgestattet mit moderner Technik sorgen wir daf\u00fcr, dass von Ihrer Immobilie &hellip; <a href=\"https:\/\/hausteam.net\/?page_id=117\">Weiterlesen &rarr;<\/a><\/p>\n","protected":false},"author":2,"featured_media":0,"parent":0,"menu_order":0,"comment_status":"closed","ping_status":"closed","template":"","meta":[],"_links":{"self":[{"href":"https:\/\/hausteam.net\/index.php?rest_route=\/wp\/v2\/pages\/117"}],"collection":[{"href":"https:\/\/hausteam.net\/index.php?rest_route=\/wp\/v2\/pages"}],"about":[{"href":"https:\/\/hausteam.net\/index.php?rest_route=\/wp\/v2\/types\/page"}],"author":[{"embeddable":true,"href":"https:\/\/hausteam.net\/index.php?rest_route=\/wp\/v2\/users\/2"}],"replies":[{"embeddable":true,"href":"https:\/\/hausteam.net\/index.php?rest_route=%2Fwp%2Fv2%2Fcomments&post=117"}],"version-history":[{"count":20,"href":"https:\/\/hausteam.net\/index.php?rest_route=\/wp\/v2\/pages\/117\/revisions"}],"predecessor-version":[{"id":402,"href":"https:\/\/hausteam.net\/index.php?rest_route=\/wp\/v2\/pages\/117\/revisions\/402"}],"wp:attachment":[{"href":"https:\/\/hausteam.net\/index.php?rest_route=%2Fwp%2Fv2%2Fmedia&parent=117"}],"curies":[{"name":"wp","href":"https:\/\/api.w.org\/{rel}","templated":true}]}}